{"id":17120,"date":"2018-02-28T07:40:59","date_gmt":"2018-02-28T06:40:59","guid":{"rendered":"https:\/\/www.zollcon.de\/pongase-en-contacto-con-nosotros\/"},"modified":"2025-02-16T12:11:54","modified_gmt":"2025-02-16T11:11:54","slug":"contacto","status":"publish","type":"page","link":"https:\/\/www.zollcon.de\/es\/contacto\/","title":{"rendered":"Contacto"},"content":{"rendered":"<section class=\"wpb-content-wrapper\"><p>[vc_row gap=\u00bb80&#8243; css=\u00bb.vc_custom_1530533604775{padding-top: 40px !important;padding-bottom: 40px !important;}\u00bb][vc_column animation_delay=\u00bb0&#8243; offset=\u00bbvc_col-lg-8 vc_col-md-8 vc_col-xs-12&#8243;]<h3 id=\"et-animated-title-1\" class=\"et-animated-title et-clearfix  words-direct\" data-mobile-font=\"24px\" data-tablet-font=\"32px\" data-delay=\"\" style=\"font-size:48px;font-weight:700;line-height:56px;color:#212121;\"><span class=\"text-wrapper\"><span class=\"text\">\u00bfDesea asesoramiento, ayuda o una primera consulta?<\/span><\/span><\/h3><div class=\"gap et-clearfix \" style=\"height:2px\"><\/div><h3 id=\"et-animated-title-2\" class=\"et-animated-title et-clearfix  letter-direct\" data-mobile-font=\"inherit\" data-tablet-font=\"inherit\" data-delay=\"200\" style=\"font-size:24px;font-weight:700;line-height:32px;color:#00ced1;\"><span class=\"text-wrapper\"><span class=\"text\">Esperamos con gran inter\u00e9s su consulta. Por favor, tenga en cuenta que nuestro servicio est\u00e1 dirigido exclusivamente a empresas. <\/span><\/span><\/h3><div class=\"gap et-clearfix \" style=\"height:32px\"><\/div><div class=\"et-simple-braket-block-wrapper\"><style>#et-simple-braket-block-1 .braket-text {font-size:24px;font-weight:400;line-height:32px;}#et-simple-braket-block-1 .braket > div  {background-color:#00ced1;}<\/style><div id=\"et-simple-braket-block-1\" class=\"et-simple-braket-block \"><div class=\"braket\"><div><\/div><div><\/div><div><\/div><\/div><div class=\"braket-text\" data-mobile-font=\"inherit\" data-tablet-font=\"inherit\">Nuestro equipo de especialistas est\u00e1 listo para intercambiar ideas y colaborar con usted.<\/div><\/div><\/div><div class=\"gap et-clearfix \" style=\"height:72px\"><\/div>[vc_custom_heading text=\u00bbUbicaci\u00f3n\u00bb font_container=\u00bbtag:h6|font_size:18px|text_align:left|line_height:32px\u00bb use_theme_fonts=\u00bbyes\u00bb el_class=\u00bbtext767-align-center\u00bb][vc_row_inner content_placement=\u00bbmiddle\u00bb][vc_column_inner width=\u00bb1\/3&#8243;]<div data-curtain=\"false\" data-preloader=\"true\" data-decoration=\"false\" data-decoration-size=\"small\" data-animation-delay=\"0\" data-parallax=\"false\" data-coordinatex=\"0\" data-coordinatey=\"0\" data-speed=\"1\" class=\"et-custom-image  aligncenter overlay-none curtain-left\"><div class=\"overlay-hover\"><div class=\"image\"><div class=\"image-container\"><div class=\"image-loading\"><\/div><div class=\"image-preloader\"><\/div><img loading=\"lazy\" decoding=\"async\" width=\"282\" height=\"282\" src=\"https:\/\/www.zollcon.de\/wp-content\/uploads\/Header_Website-min-2-1024x367-1-282x282.jpg\" alt=\"\"><\/div><\/div><\/div><\/div><div class=\"gap et-clearfix hide1024\" style=\"height:32px\"><\/div>[\/vc_column_inner][vc_column_inner el_class=\u00bbpadding-left-disable-column text767-align-center\u00bb width=\u00bb2\/3&#8243; css=\u00bb.vc_custom_1532441629438{padding-left: 40px !important;}\u00bb][vc_custom_heading text=\u00bbZollcon GmbH<br \/>\nConsultor\u00eda de aduanas y comercio exterior\u00bb font_container=\u00bbtag:h6|font_size:18px|text_align:left|line_height:32px\u00bb use_theme_fonts=\u00bbyes\u00bb el_class=\u00bbtext767-align-center\u00bb][vc_column_text css=\u00bb.vc_custom_1737021977767{margin-bottom: 0px !important;}\u00bb]<div class=\"et-el-icon extra-small \" style=\"color:#00CED1;\"><span class=\"el-icon fa fa-map-marker-alt animate-false\"><\/span><\/div> Dieter-Streng-Str. 3, 90766 F\u00fcrth<div class=\"gap et-clearfix \" style=\"height:1px\"><\/div><div class=\"et-el-icon extra-small \" style=\"color:#00CED1;\"><span class=\"el-icon fa fa-phone animate-false\"><\/span><\/div>0911 \/ 723 049-0<div class=\"gap et-clearfix \" style=\"height:1px\"><\/div><div class=\"et-el-icon extra-small \" style=\"color:#00CED1;\"><span class=\"el-icon fa fa-envelope-open animate-false\"><\/span><\/div> service@zollcon.de[\/vc_column_text][\/vc_column_inner][\/vc_row_inner]<div class=\"sep-wrap left   et-clearfix\" data-delay=\"0\"><div class=\"et-separator solid\" style=\"margin-top:56px;margin-bottom:56px;height:1px;width:100%;border-bottom-width:1px;border-bottom-style:solid;border-bottom-color:#e0e0e0;\"><\/div><\/div>\n<div class=\"wpcf7 no-js\" id=\"wpcf7-f17269-o1\" lang=\"es-ES\" dir=\"ltr\" data-wpcf7-id=\"17269\">\n<div class=\"screen-reader-response\"><p role=\"status\" aria-live=\"polite\" aria-atomic=\"true\"><\/p> <ul><\/ul><\/div>\n<form action=\"\/es\/wp-json\/wp\/v2\/pages\/17120#wpcf7-f17269-o1\" method=\"post\" class=\"wpcf7-form init\" aria-label=\"Formulario de contacto\" novalidate=\"novalidate\" data-status=\"init\">\n<fieldset class=\"hidden-fields-container\"><input type=\"hidden\" name=\"_wpcf7\" value=\"17269\" \/><input type=\"hidden\" name=\"_wpcf7_version\" value=\"6.1.5\" \/><input type=\"hidden\" name=\"_wpcf7_locale\" value=\"es_ES\" \/><input type=\"hidden\" name=\"_wpcf7_unit_tag\" value=\"wpcf7-f17269-o1\" \/><input type=\"hidden\" name=\"_wpcf7_container_post\" value=\"0\" \/><input type=\"hidden\" name=\"_wpcf7_posted_data_hash\" value=\"\" \/><input type=\"hidden\" name=\"_wpcf7_recaptcha_response\" value=\"\" \/>\n<\/fieldset>\n<p><label> Nombre<br \/>\n<span class=\"wpcf7-form-control-wrap\" data-name=\"your-name\"><input size=\"40\" maxlength=\"400\" class=\"wpcf7-form-control wpcf7-text wpcf7-validates-as-required\" autocomplete=\"name\" aria-required=\"true\" aria-invalid=\"false\" value=\"\" type=\"text\" name=\"your-name\" \/><\/span> <\/label>\n<\/p>\n<p><label> Correo electr\u00f3nico<br \/>\n<span class=\"wpcf7-form-control-wrap\" data-name=\"your-email\"><input size=\"40\" maxlength=\"400\" class=\"wpcf7-form-control wpcf7-email wpcf7-validates-as-required wpcf7-text wpcf7-validates-as-email\" autocomplete=\"email\" aria-required=\"true\" aria-invalid=\"false\" value=\"\" type=\"email\" name=\"your-email\" \/><\/span> <\/label>\n<\/p>\n<p><label> Empresa<br \/>\n<span class=\"wpcf7-form-control-wrap\" data-name=\"your-subject\"><input size=\"40\" maxlength=\"400\" class=\"wpcf7-form-control wpcf7-text wpcf7-validates-as-required\" aria-required=\"true\" aria-invalid=\"false\" value=\"\" type=\"text\" name=\"your-subject\" \/><\/span> <\/label>\n<\/p>\n<p><label> Tel\u00e9fono<br \/>\n<span class=\"wpcf7-form-control-wrap\" data-name=\"Telefono\"><input size=\"40\" maxlength=\"400\" class=\"wpcf7-form-control wpcf7-tel wpcf7-validates-as-required wpcf7-text wpcf7-validates-as-tel\" aria-required=\"true\" aria-invalid=\"false\" value=\"\" type=\"tel\" name=\"Telefono\" \/><\/span> <\/label>\n<\/p>\n<p><label> Mensaje<br \/>\n<span class=\"wpcf7-form-control-wrap\" data-name=\"your-message\"><textarea cols=\"40\" rows=\"10\" maxlength=\"2000\" class=\"wpcf7-form-control wpcf7-textarea\" aria-invalid=\"false\" name=\"your-message\"><\/textarea><\/span> <\/label>\n<\/p>\n<p><input class=\"wpcf7-form-control wpcf7-submit has-spinner\" type=\"submit\" value=\"ENVIAR\" \/>\n<\/p><div class=\"wpcf7-response-output\" aria-hidden=\"true\"><\/div>\n<\/form>\n<\/div>\n[\/vc_column][vc_column animation_delay=\u00bb0&#8243; css=\u00bb.vc_custom_1532512947266{border-left-width: 1px !important;padding-left: 20% !important;border-left-color: #e0e0e0 !important;border-left-style: solid !important;border-radius: 1px !important;}\u00bb el_class=\u00bbet-element-column-with-border-left text767-align-center\u00bb offset=\u00bbvc_col-lg-4 vc_col-md-4 vc_col-xs-12&#8243;][vc_custom_heading text=\u00bbRedes sociales\u00bb font_container=\u00bbtag:h6|font_size:18px|text_align:left|line_height:32px\u00bb use_theme_fonts=\u00bbyes\u00bb el_class=\u00bbtext767-align-center\u00bb]<div id=\"et-social-links-1\" class=\"et-social-links social-links et-clearfix full styling-original-false\"><style>#et-social-links-1 a {color:#212121;box-shadow:inset 0 0 0 2px #212121;border-radius:4px;}#et-social-links-1 a:hover {color:#00ced1;box-shadow:inset 0 0 0 2px #00ced1;}<\/style><a class=\"et-icon-linkedin\" href=\"https:\/\/www.linkedin.com\/company\/zollcon-zoll-aussenhandel\/\" target=\"_self\" rel=\"noopener\"><\/a><\/div><div class=\"gap et-clearfix \" style=\"height:56px\"><\/div>[vc_custom_heading text=\u00bbDIRECCI\u00d3N\u00bb font_container=\u00bbtag:h6|font_size:18px|text_align:left|line_height:32px\u00bb use_theme_fonts=\u00bbyes\u00bb el_class=\u00bbtext767-align-center\u00bb][vc_custom_heading text=\u00bbZollcon GmbH<br \/>\nDieter-Streng-Str. 3<br \/>\n90766 F\u00fcrth \/ Alemania\u00bb font_container=\u00bbtag:p|text_align:left|color:%23616161&#8243; use_theme_fonts=\u00bbyes\u00bb el_class=\u00bbtext767-align-center\u00bb]<div class=\"gap et-clearfix \" style=\"height:24px\"><\/div>[vc_custom_heading text=\u00bbTel\u00e9fono\u00bb font_container=\u00bbtag:h6|font_size:18px|text_align:left|line_height:32px\u00bb use_theme_fonts=\u00bbyes\u00bb el_class=\u00bbtext767-align-center\u00bb][vc_custom_heading text=\u00bbTel\u00e9fono: +49 (0) 911\/72 30 49 -0<br \/>\nFax: +49 (0) 911\/72 30 49 -23&#8243; font_container=\u00bbtag:p|text_align:left|color:%23616161&#8243; use_theme_fonts=\u00bbyes\u00bb el_class=\u00bbtext767-align-center\u00bb]<div class=\"gap et-clearfix \" style=\"height:24px\"><\/div>[vc_custom_heading text=\u00bbEMAIL\u00bb font_container=\u00bbtag:h6|font_size:18px|text_align:left|line_height:32px\u00bb use_theme_fonts=\u00bbyes\u00bb el_class=\u00bbtext767-align-center\u00bb][vc_custom_heading text=\u00bbservice@zollcon.de\u00bb font_container=\u00bbtag:p|text_align:left|color:%23616161&#8243; use_theme_fonts=\u00bbyes\u00bb el_class=\u00bbtext767-align-center\u00bb]<div class=\"gap et-clearfix \" style=\"height:24px\"><\/div>[\/vc_column][\/vc_row]<\/p>\n<\/section>","protected":false},"excerpt":{"rendered":"<p>Aproveche los marcos \u00e1giles para proporcionar una sinopsis s\u00f3lida para las visiones generales de alto nivel. Los enfoques iterativos de la estrategia corporativa fomentan el pensamiento colaborativo para impulsar la propuesta de valor global. Hacer crecer org\u00e1nicamente la visi\u00f3n hol\u00edstica del mundo de la innovaci\u00f3n disruptiva a trav\u00e9s de la diversidad y la capacitaci\u00f3n en el lugar de trabajo.<\/p>\n","protected":false},"author":1,"featured_media":0,"parent":0,"menu_order":0,"comment_status":"closed","ping_status":"closed","template":"page-vc.php","meta":{"footnotes":""},"class_list":["post-17120","page","type-page","status-publish","hentry"],"_links":{"self":[{"href":"https:\/\/www.zollcon.de\/es\/wp-json\/wp\/v2\/pages\/17120","targetHints":{"allow":["GET"]}}],"collection":[{"href":"https:\/\/www.zollcon.de\/es\/wp-json\/wp\/v2\/pages"}],"about":[{"href":"https:\/\/www.zollcon.de\/es\/wp-json\/wp\/v2\/types\/page"}],"author":[{"embeddable":true,"href":"https:\/\/www.zollcon.de\/es\/wp-json\/wp\/v2\/users\/1"}],"replies":[{"embeddable":true,"href":"https:\/\/www.zollcon.de\/es\/wp-json\/wp\/v2\/comments?post=17120"}],"version-history":[{"count":10,"href":"https:\/\/www.zollcon.de\/es\/wp-json\/wp\/v2\/pages\/17120\/revisions"}],"predecessor-version":[{"id":17816,"href":"https:\/\/www.zollcon.de\/es\/wp-json\/wp\/v2\/pages\/17120\/revisions\/17816"}],"wp:attachment":[{"href":"https:\/\/www.zollcon.de\/es\/wp-json\/wp\/v2\/media?parent=17120"}],"curies":[{"name":"wp","href":"https:\/\/api.w.org\/{rel}","templated":true}]}}