{"id":17122,"date":"2018-02-20T10:47:49","date_gmt":"2018-02-20T09:47:49","guid":{"rendered":"https:\/\/www.zollcon.de\/nuestra-mision\/"},"modified":"2025-01-15T16:15:11","modified_gmt":"2025-01-15T15:15:11","slug":"mision","status":"publish","type":"page","link":"https:\/\/www.zollcon.de\/es\/mision\/","title":{"rendered":"Misi\u00f3n"},"content":{"rendered":"<section class=\"wpb-content-wrapper\"><p>[vc_row css=\u00bb.vc_custom_1675179986929{margin-top: -165px !important;}\u00bb][vc_column]<div class=\"gap et-clearfix \" style=\"height:55px\"><\/div>[\/vc_column][\/vc_row][vc_row][vc_column width=\u00bb1\/2&#8243;][vc_column_text]<\/p>\n<h2>Nuestra misi\u00f3n<\/h2>\n<p>[\/vc_column_text]<div class=\"et-simple-braket-block-wrapper\"><style>#et-simple-braket-block-1 .braket-text {font-size:24px;font-weight:400;line-height:32px;}#et-simple-braket-block-1 .braket > div  {background-color:#00ced1;}<\/style><div id=\"et-simple-braket-block-1\" class=\"et-simple-braket-block \"><div class=\"braket\"><div><\/div><div><\/div><div><\/div><\/div><div class=\"braket-text\" data-mobile-font=\"inherit\" data-tablet-font=\"inherit\">En Zollcon GmbH, proporcionamos un servicio integral de asesoramiento en aduanas y comercio exterior. Nos esforzamos por ser el socio de confianza de nuestros clientes en sus operaciones internacionales. Constantemente actualizamos nuestras estrategias para garantizar el \u00e9xito m\u00e1ximo de nuestros clientes.<\/div><\/div><\/div>[\/vc_column][vc_column animation_delay=\u00bb0&#8243; width=\u00bb1\/2&#8243; responsive_padding_heading=\u00bb\u00bb under480_start=\u00bb\u00bb css=\u00bb.vc_custom_1736954107150{background-image: url(https:\/\/www.zollcon.de\/wp-content\/uploads\/Softwareloesungen-Zoll.png?id=17243) !important;background-position: center !important;background-repeat: no-repeat !important;background-size: cover !important;}\u00bb under480_end=\u00bb\u00bb over480_under_768_start=\u00bb\u00bb over480_under_768_end=\u00bb\u00bb over768_under_1024_start=\u00bb\u00bb over768_under_1024_end=\u00bb\u00bb over1024_under_1280_start=\u00bb\u00bb over1024_under_1280_end=\u00bb\u00bb over1280_under_1366_start=\u00bb\u00bb over1280_under_1366_end=\u00bb\u00bb over1366_under_1600_start=\u00bb\u00bb over1366_under_1600_end=\u00bb\u00bb over1600_start=\u00bb\u00bb over1600_end=\u00bb\u00bb]<div class=\"gap et-clearfix \" style=\"height:377px\"><\/div>[\/vc_column][\/vc_row][vc_row][vc_column]<div class=\"gap et-clearfix \" style=\"height:100px\"><\/div>[\/vc_column][\/vc_row][vc_row][vc_column width=\u00bb1\/2&#8243;][vc_column_text]<strong>La calidad supera a la cantidad<\/strong><\/p>\n<p>Nos tomamos el tiempo necesario para comprender a nuestros clientes y sus desaf\u00edos en el comercio exterior, lo que nos permite ofrecer soluciones orientadas y eficientes para una asesor\u00eda \u00f3ptima.<\/p>\n<p>&nbsp;<\/p>\n<p><strong>La conciencia se une a la equidad<\/strong><\/p>\n<p>Dedicamos nuestra completa atenci\u00f3n a cada cliente y siempre son tratados con igualdad. Para nosotros, el respeto y la confianza son los pilares fundamentales de cada servicio de asesoramiento.[\/vc_column_text][\/vc_column][vc_column animation_delay=\u00bb0&#8243; width=\u00bb1\/2&#8243;][vc_column_text]<strong>Simplificando la complejidad<\/strong><\/p>\n<p>El mayor reto de nuestra especialidad es su compleja situaci\u00f3n jur\u00eddica y su gran repercusi\u00f3n en numerosas \u00e1reas de la empresa. Nuestro objetivo no es s\u00f3lo resolver los problemas de nuestros clientes, sino tambi\u00e9n explicar la complejidad de cada asunto de forma comprensible. A nuestros ojos, la esencia del asesoramiento aduanero sostenible es presentar las complejidades de forma sencilla.<\/p>\n<p><strong>Soluci\u00f3n a trav\u00e9s de la innovaci\u00f3n<\/strong><\/p>\n<p>Siempre estamos trabajando en soluciones nuevas e innovadoras para facilitar los tr\u00e1mites burocr\u00e1ticos a nuestros clientes. Para ello ofrecemos diversas soluciones inform\u00e1ticas, como nuestro Portal GTC.[\/vc_column_text][\/vc_column][\/vc_row]<\/p>\n<\/section>","protected":false},"excerpt":{"rendered":"<p>Aproveche los marcos \u00e1giles para proporcionar una sinopsis s\u00f3lida para las visiones generales de alto nivel. Los enfoques iterativos de la estrategia corporativa fomentan el pensamiento colaborativo para impulsar la propuesta de valor global. Hacer crecer org\u00e1nicamente la visi\u00f3n hol\u00edstica del mundo de la innovaci\u00f3n disruptiva a trav\u00e9s de la diversidad y la capacitaci\u00f3n en el lugar de trabajo.<\/p>\n","protected":false},"author":1,"featured_media":0,"parent":0,"menu_order":0,"comment_status":"closed","ping_status":"closed","template":"page-vc.php","meta":{"footnotes":""},"class_list":["post-17122","page","type-page","status-publish","hentry"],"_links":{"self":[{"href":"https:\/\/www.zollcon.de\/es\/wp-json\/wp\/v2\/pages\/17122","targetHints":{"allow":["GET"]}}],"collection":[{"href":"https:\/\/www.zollcon.de\/es\/wp-json\/wp\/v2\/pages"}],"about":[{"href":"https:\/\/www.zollcon.de\/es\/wp-json\/wp\/v2\/types\/page"}],"author":[{"embeddable":true,"href":"https:\/\/www.zollcon.de\/es\/wp-json\/wp\/v2\/users\/1"}],"replies":[{"embeddable":true,"href":"https:\/\/www.zollcon.de\/es\/wp-json\/wp\/v2\/comments?post=17122"}],"version-history":[{"count":9,"href":"https:\/\/www.zollcon.de\/es\/wp-json\/wp\/v2\/pages\/17122\/revisions"}],"predecessor-version":[{"id":17769,"href":"https:\/\/www.zollcon.de\/es\/wp-json\/wp\/v2\/pages\/17122\/revisions\/17769"}],"wp:attachment":[{"href":"https:\/\/www.zollcon.de\/es\/wp-json\/wp\/v2\/media?parent=17122"}],"curies":[{"name":"wp","href":"https:\/\/api.w.org\/{rel}","templated":true}]}}