{"id":17162,"date":"2023-01-31T12:21:32","date_gmt":"2023-01-31T11:21:32","guid":{"rendered":"https:\/\/www.zollcon.de\/empresa-asociada\/"},"modified":"2025-01-15T16:39:02","modified_gmt":"2025-01-15T15:39:02","slug":"socios-estrategicos","status":"publish","type":"page","link":"https:\/\/www.zollcon.de\/es\/socios-estrategicos\/","title":{"rendered":"Socios Estrat\u00e9gicos"},"content":{"rendered":"<section class=\"wpb-content-wrapper\"><p>[vc_row gap=\u00bb40&#8243; content_placement=\u00bbmiddle\u00bb css=\u00bb.vc_custom_1681973037172{padding-top: 56px !important;padding-bottom: 48px !important;}\u00bb][vc_column animation_delay=\u00bb0&#8243; offset=\u00bbvc_col-lg-6 vc_col-md-6 vc_col-xs-12&#8243;]<h6 class=\"et-highlight-title \" style=\"font-size:12px;font-weight:700;line-height:24px;letter-spacing:0.5px;color:#9a9a9a;\" data-mobile-font=\"inherit\" data-tablet-font=\"inherit\"><span class=\"title-inner\">Presencial | NovaVIT (Online) | Flex-Service\/ Soluciones internas<span class=\"highlight-line\" style=\"background-color:#00ced1;\"><\/span><\/span><\/h6><h3 id=\"et-animated-title-1\" class=\"et-animated-title et-clearfix  words-direct\" data-mobile-font=\"16px\" data-tablet-font=\"inherit\" data-delay=\"100\" style=\"font-size:42px;font-weight:700;line-height:50px;color:#212121;\"><span class=\"text-wrapper\"><span class=\"text\">Novasem OHG<br \/>\n<\/span><\/span><\/h3><div class=\"gap et-clearfix \" style=\"height:24px\"><\/div>[vc_column_text]Novasem OHG, Centro de Formaci\u00f3n Innovadora, imparte desde 2001 seminarios de comercio exterior y aduanas para empresas con actividad internacional de todos los sectores en toda Alemania, como empresa hermana de Zollcon GmbH.<\/p>\n<p>&nbsp;<\/p>\n<p><a href=\"http:\/\/www.novasem.de\" target=\"_blank\" rel=\"noopener\"><strong>www.novasem.de<\/strong><\/a>[\/vc_column_text][\/vc_column][vc_column animation_delay=\u00bb150&#8243; css_animation=\u00bbleft-to-right\u00bb offset=\u00bbvc_col-lg-6 vc_col-md-6 vc_col-xs-12&#8243; el_class=\u00bbtext767-align-center\u00bb]<div data-curtain=\"false\" data-preloader=\"false\" data-decoration=\"true\" data-decoration-size=\"large\" data-animation-delay=\"0\" data-parallax=\"false\" data-coordinatex=\"0\" data-coordinatey=\"0\" data-speed=\"1\" class=\"et-custom-image  alignnone overlay-fade curtain-left\"><div class=\"overlay-hover\"><div class=\"image\"><div class=\"image-container\"><img loading=\"lazy\" decoding=\"async\" width=\"960\" height=\"540\" src=\"https:\/\/www.zollcon.de\/wp-content\/uploads\/344043287_634675328526978_6147603046240787777_n.jpg\" alt=\"\"><\/div><\/div><\/div><\/div><div class=\"gap et-clearfix \" style=\"height:32px\"><\/div><div class=\"gap et-clearfix \" style=\"height:32px\"><\/div>[\/vc_column][\/vc_row][vc_row gap=\u00bb40&#8243; content_placement=\u00bbmiddle\u00bb css=\u00bb.vc_custom_1681973037172{padding-top: 56px !important;padding-bottom: 48px !important;}\u00bb][vc_column animation_delay=\u00bb0&#8243; offset=\u00bbvc_col-lg-6 vc_col-md-6 vc_col-xs-12&#8243;]<h3 id=\"et-animated-title-2\" class=\"et-animated-title et-clearfix  words-direct\" data-mobile-font=\"16px\" data-tablet-font=\"inherit\" data-delay=\"100\" style=\"font-size:42px;font-weight:700;line-height:50px;color:#212121;\"><span class=\"text-wrapper\"><span class=\"text\">ZOBA Zollberatung und -abwicklung GmbH<br \/>\n<\/span><\/span><\/h3><div class=\"gap et-clearfix \" style=\"height:24px\"><\/div>[vc_column_text]Siguiendo el lema \u00absoftware meets expertise\u00bb, desde hace m\u00e1s de dos d\u00e9cadas damos especial importancia a encontrar la combinaci\u00f3n perfecta de servicio, gesti\u00f3n de sistemas y procesamiento interno para cada empresa. Adem\u00e1s del despacho de aduanas tradicional, trabajamos con usted para prestar especial atenci\u00f3n a los procesos previos y posteriores y a su optimizaci\u00f3n, teniendo en cuenta las opciones que ofrece la legislaci\u00f3n aduanera. Desde el 28 de marzo de 2008, ZOBA es el primer OEA certificado de Alemania y miembro de la red i-TMS\u00ae.<\/p>\n<p>&nbsp;<\/p>\n<p><strong><span style=\"color: #000000;\"><a style=\"color: #000000;\" href=\"http:\/\/www.zoba.de\" target=\"_blank\" rel=\"noopener\">www.zoba.de<\/a> \/ <\/span><a href=\"http:\/\/www.i-tms.de\" target=\"_blank\" rel=\"noopener\"><span style=\"color: #000000;\">www.i-tms.de<\/span><\/a><\/strong>[\/vc_column_text][\/vc_column][vc_column animation_delay=\u00bb150&#8243; css_animation=\u00bbleft-to-right\u00bb offset=\u00bbvc_col-lg-6 vc_col-md-6 vc_col-xs-12&#8243; el_class=\u00bbtext767-align-center\u00bb]<div data-curtain=\"false\" data-preloader=\"false\" data-decoration=\"true\" data-decoration-size=\"large\" data-animation-delay=\"0\" data-parallax=\"false\" data-coordinatex=\"0\" data-coordinatey=\"0\" data-speed=\"1\" class=\"et-custom-image  alignnone overlay-fade curtain-left\"><div class=\"overlay-hover\"><div class=\"image\"><div class=\"image-container\"><img loading=\"lazy\" decoding=\"async\" width=\"768\" height=\"408\" src=\"https:\/\/www.zollcon.de\/wp-content\/uploads\/Logo_ZOBA_Zollberatung-und-abwicklung-Kopie-768x408-1.png\" alt=\"\"><\/div><\/div><\/div><\/div><div class=\"gap et-clearfix \" style=\"height:32px\"><\/div><div class=\"gap et-clearfix \" style=\"height:32px\"><\/div>[\/vc_column][\/vc_row][vc_row gap=\u00bb40&#8243; content_placement=\u00bbmiddle\u00bb css=\u00bb.vc_custom_1681973037172{padding-top: 56px !important;padding-bottom: 48px !important;}\u00bb][vc_column animation_delay=\u00bb0&#8243; offset=\u00bbvc_col-lg-6 vc_col-md-6 vc_col-xs-12&#8243;]<h3 id=\"et-animated-title-3\" class=\"et-animated-title et-clearfix  words-direct\" data-mobile-font=\"16px\" data-tablet-font=\"inherit\" data-delay=\"100\" style=\"font-size:42px;font-weight:700;line-height:50px;color:#212121;\"><span class=\"text-wrapper\"><span class=\"text\">Asociaci\u00f3n Alemana de la Industria del Juguete<\/span><\/span><\/h3><div class=\"gap et-clearfix \" style=\"height:24px\"><\/div>[vc_column_text]Con sede en N\u00faremberg, la DVSI representa los intereses de unas 320 empresas de la industria juguetera alemana ante pol\u00edticos, autoridades, otros \u00e1mbitos de la ciencia, la sociedad y los medios de comunicaci\u00f3n.<\/p>\n<p>&nbsp;<\/p>\n<p><a href=\"http:\/\/www.dvsi.de\" target=\"_blank\" rel=\"noopener\"><strong>www.dvsi.de<\/strong><\/a>[\/vc_column_text][\/vc_column][vc_column animation_delay=\u00bb150&#8243; css_animation=\u00bbleft-to-right\u00bb offset=\u00bbvc_col-lg-6 vc_col-md-6 vc_col-xs-12&#8243; el_class=\u00bbtext767-align-center\u00bb]<div data-curtain=\"false\" data-preloader=\"false\" data-decoration=\"true\" data-decoration-size=\"large\" data-animation-delay=\"0\" data-parallax=\"false\" data-coordinatex=\"0\" data-coordinatey=\"0\" data-speed=\"1\" class=\"et-custom-image  alignright overlay-fade curtain-left\"><div class=\"overlay-hover\"><div class=\"image\"><div class=\"image-container\"><img loading=\"lazy\" decoding=\"async\" width=\"227\" height=\"85\" src=\"https:\/\/www.zollcon.de\/wp-content\/uploads\/DVSI_LOGO_SOLO_72_DPI-Kopie.jpg\" alt=\"\"><\/div><\/div><\/div><\/div><div class=\"gap et-clearfix \" style=\"height:32px\"><\/div><div class=\"gap et-clearfix \" style=\"height:32px\"><\/div>[\/vc_column][\/vc_row][vc_row gap=\u00bb40&#8243; content_placement=\u00bbmiddle\u00bb css=\u00bb.vc_custom_1681973037172{padding-top: 56px !important;padding-bottom: 48px !important;}\u00bb][vc_column animation_delay=\u00bb0&#8243; offset=\u00bbvc_col-lg-6 vc_col-md-6 vc_col-xs-12&#8243;]<h3 id=\"et-animated-title-4\" class=\"et-animated-title et-clearfix  words-direct\" data-mobile-font=\"16px\" data-tablet-font=\"inherit\" data-delay=\"100\" style=\"font-size:42px;font-weight:700;line-height:50px;color:#212121;\"><span class=\"text-wrapper\"><span class=\"text\">Artesan\u00eda de Baviera Internacional<\/span><\/span><\/h3><div class=\"gap et-clearfix \" style=\"height:24px\"><\/div>[vc_column_text]Desde hace m\u00e1s de 25 a\u00f1os, BHI es la primera escala para las empresas comerciales b\u00e1varas que desean ofrecer sus productos y servicios en el extranjero. Bayern Handwerk International trabaja en red con ministerios y c\u00e1maras de artesan\u00eda, c\u00e1maras de comercio en el extranjero y organizaciones de la UE.<\/p>\n<p>&nbsp;<\/p>\n<p><a href=\"http:\/\/www.bh-international.de\" target=\"_blank\" rel=\"noopener\"><strong>www.bh-international.de<\/strong><\/a>[\/vc_column_text][\/vc_column][vc_column animation_delay=\u00bb150&#8243; css_animation=\u00bbleft-to-right\u00bb offset=\u00bbvc_col-lg-6 vc_col-md-6 vc_col-xs-12&#8243; el_class=\u00bbtext767-align-center\u00bb]<div data-curtain=\"false\" data-preloader=\"false\" data-decoration=\"true\" data-decoration-size=\"large\" data-animation-delay=\"0\" data-parallax=\"false\" data-coordinatex=\"0\" data-coordinatey=\"0\" data-speed=\"1\" class=\"et-custom-image  alignright overlay-fade curtain-left\"><div class=\"overlay-hover\"><div class=\"image\"><div class=\"image-container\"><img loading=\"lazy\" decoding=\"async\" width=\"1520\" height=\"272\" src=\"https:\/\/www.zollcon.de\/wp-content\/uploads\/bayner-handwerk-logo.png\" alt=\"\"><\/div><\/div><\/div><\/div><div class=\"gap et-clearfix \" style=\"height:32px\"><\/div><div class=\"gap et-clearfix \" style=\"height:32px\"><\/div>[\/vc_column][\/vc_row][vc_row gap=\u00bb40&#8243; content_placement=\u00bbmiddle\u00bb css=\u00bb.vc_custom_1681973037172{padding-top: 56px !important;padding-bottom: 48px !important;}\u00bb][vc_column animation_delay=\u00bb0&#8243; offset=\u00bbvc_col-lg-6 vc_col-md-6 vc_col-xs-12&#8243;]<h3 id=\"et-animated-title-5\" class=\"et-animated-title et-clearfix  words-direct\" data-mobile-font=\"16px\" data-tablet-font=\"inherit\" data-delay=\"100\" style=\"font-size:42px;font-weight:700;line-height:50px;color:#212121;\"><span class=\"text-wrapper\"><span class=\"text\">BR Consultor\u00eda<\/span><\/span><\/h3><div class=\"gap et-clearfix \" style=\"height:24px\"><\/div>[vc_column_text]BR Consulting tiene sus objetivos de consultor\u00eda claros, pero sobre todo una visi\u00f3n: queremos ser mejores. Y ser mejor significa querer cambiar, replantearse, trabajar hoy en los retos de los que quiz\u00e1 a\u00fan no eres consciente. En otras palabras: movemos grandes cosas sin perder de vista el detalle y la realizaci\u00f3n.<\/p>\n<p>&nbsp;<\/p>\n<p><a href=\"http:\/\/www.BRconsulting.de\" target=\"_blank\" rel=\"noopener\"><strong>www.BRconsulting.de<\/strong><\/a>[\/vc_column_text][\/vc_column][vc_column animation_delay=\u00bb150&#8243; css_animation=\u00bbleft-to-right\u00bb offset=\u00bbvc_col-lg-6 vc_col-md-6 vc_col-xs-12&#8243; el_class=\u00bbtext767-align-center\u00bb]<div data-curtain=\"false\" data-preloader=\"false\" data-decoration=\"true\" data-decoration-size=\"large\" data-animation-delay=\"0\" data-parallax=\"false\" data-coordinatex=\"0\" data-coordinatey=\"0\" data-speed=\"1\" class=\"et-custom-image  alignright overlay-none curtain-left\"><div class=\"overlay-hover\"><div class=\"image\"><div class=\"image-container\"><img loading=\"lazy\" decoding=\"async\" width=\"279\" height=\"38\" src=\"https:\/\/www.zollcon.de\/wp-content\/uploads\/br_consulting-Kopie.jpg\" alt=\"\"><\/div><\/div><\/div><\/div><div class=\"gap et-clearfix \" style=\"height:32px\"><\/div><div class=\"gap et-clearfix \" style=\"height:32px\"><\/div>[\/vc_column][\/vc_row]<\/p>\n<\/section>","protected":false},"excerpt":{"rendered":"<p>[vc_row gap=\u00bb40&#8243; content_placement=\u00bbmiddle\u00bb css=\u00bb.vc_custom_1681973037172{padding-top: 56px !important;padding-bottom: 48px !important;}\u00bb][vc_column animation_delay=\u00bb0&#8243; offset=\u00bbvc_col-lg-6 vc_col-md-6 vc_col-xs-12&#8243;][vc_column_text]Novasem OHG, Centro de Formaci\u00f3n Innovadora, imparte desde 2001 seminarios de comercio exterior y aduanas para empresas con actividad internacional de todos los sectores en toda Alemania, como empresa hermana de Zollcon GmbH. &nbsp; www.novasem.de[\/vc_column_text][\/vc_column][vc_column animation_delay=\u00bb150&#8243; css_animation=\u00bbleft-to-right\u00bb offset=\u00bbvc_col-lg-6 vc_col-md-6 vc_col-xs-12&#8243; el_class=\u00bbtext767-align-center\u00bb][\/vc_column][\/vc_row][vc_row gap=\u00bb40&#8243; content_placement=\u00bbmiddle\u00bb css=\u00bb.vc_custom_1681973037172{padding-top: [&hellip;]<\/p>\n","protected":false},"author":1,"featured_media":0,"parent":0,"menu_order":0,"comment_status":"closed","ping_status":"closed","template":"page-vc.php","meta":{"footnotes":""},"class_list":["post-17162","page","type-page","status-publish","hentry"],"_links":{"self":[{"href":"https:\/\/www.zollcon.de\/es\/wp-json\/wp\/v2\/pages\/17162","targetHints":{"allow":["GET"]}}],"collection":[{"href":"https:\/\/www.zollcon.de\/es\/wp-json\/wp\/v2\/pages"}],"about":[{"href":"https:\/\/www.zollcon.de\/es\/wp-json\/wp\/v2\/types\/page"}],"author":[{"embeddable":true,"href":"https:\/\/www.zollcon.de\/es\/wp-json\/wp\/v2\/users\/1"}],"replies":[{"embeddable":true,"href":"https:\/\/www.zollcon.de\/es\/wp-json\/wp\/v2\/comments?post=17162"}],"version-history":[{"count":7,"href":"https:\/\/www.zollcon.de\/es\/wp-json\/wp\/v2\/pages\/17162\/revisions"}],"predecessor-version":[{"id":17419,"href":"https:\/\/www.zollcon.de\/es\/wp-json\/wp\/v2\/pages\/17162\/revisions\/17419"}],"wp:attachment":[{"href":"https:\/\/www.zollcon.de\/es\/wp-json\/wp\/v2\/media?parent=17162"}],"curies":[{"name":"wp","href":"https:\/\/api.w.org\/{rel}","templated":true}]}}