{"id":17227,"date":"2023-07-24T15:33:07","date_gmt":"2023-07-24T13:33:07","guid":{"rendered":"https:\/\/www.zollcon.de\/sostenibilidad\/"},"modified":"2025-01-16T11:03:24","modified_gmt":"2025-01-16T10:03:24","slug":"sostenibilidad","status":"publish","type":"page","link":"https:\/\/www.zollcon.de\/es\/sostenibilidad\/","title":{"rendered":"Sostenibilidad"},"content":{"rendered":"<section class=\"wpb-content-wrapper\"><p>[vc_row gap=\u00bb40&#8243; content_placement=\u00bbmiddle\u00bb css=\u00bb.vc_custom_1681973037172{padding-top: 56px !important;padding-bottom: 48px !important;}\u00bb][vc_column animation_delay=\u00bb0&#8243; width=\u00bb2\/3&#8243; offset=\u00bbvc_col-lg-6 vc_col-md-6 vc_col-xs-12&#8243;]<h6 class=\"et-highlight-title \" style=\"font-size:12px;font-weight:700;line-height:24px;letter-spacing:0.5px;color:#9a9a9a;\" data-mobile-font=\"inherit\" data-tablet-font=\"inherit\"><span class=\"title-inner\">Medio ambiente \/ Derechos humanos:<span class=\"highlight-line\" style=\"background-color:#00ced1;\"><\/span><\/span><\/h6><h3 id=\"et-animated-title-1\" class=\"et-animated-title et-clearfix  words-direct\" data-mobile-font=\"16px\" data-tablet-font=\"inherit\" data-delay=\"100\" style=\"font-size:42px;font-weight:700;line-height:50px;color:#212121;\"><span class=\"text-wrapper\"><span class=\"text\">Sostenibilidad: un t\u00e9rmino diversificado<br \/>\n<\/span><\/span><\/h3><div class=\"gap et-clearfix \" style=\"height:32px\"><\/div>[vc_column_text]<span style=\"color: #ffffff;\">.<\/span><\/p>\n<p>Casi ning\u00fan otro t\u00e9rmino ha ocupado tanto a la sociedad en los \u00faltimos a\u00f1os como el de sostenibilidad. La sostenibilidad no es en absoluto una palabra de moda del siglo XXI, sino un par\u00e1metro b\u00e1sico del \u00e9xito de la gesti\u00f3n empresarial en los negocios desde hace muchos a\u00f1os. Entretanto, el t\u00e9rmino ya no sirve \u00fanicamente como sin\u00f3nimo de actividad econ\u00f3mica conservadora de recursos, sino que abarca aspectos sociales y ecol\u00f3gicos.<\/p>\n<p>Hoy en d\u00eda, la integraci\u00f3n de la sostenibilidad desempe\u00f1a un papel decisivo tanto en nuestra vida privada como en la empresarial. Lo que en principio parece una filosof\u00eda de vida individual se est\u00e1 convirtiendo en un \u00abc\u00f3digo de existencia\u00bb que se refleja en la esfera privada y econ\u00f3mica. La obligaci\u00f3n de separar los residuos en casa o el impuesto sobre las emisiones de CO2 en las empresas son normas legales que han convertido la cuesti\u00f3n de la sostenibilidad en un factor importante que influye en nuestras decisiones. En la pr\u00e1ctica, por ejemplo, decidir el modo de transporte adecuado, ya sea para unas vacaciones familiares o para la cadena de suministro de su propia empresa, ya no es una decisi\u00f3n puramente econ\u00f3mica. Hoy es m\u00e1s una combinaci\u00f3n de distintos componentes, como la econom\u00eda, la eficiencia y la protecci\u00f3n del medio ambiente.<\/p>\n<p>&nbsp;<\/p>\n<p><strong>Nuestra misi\u00f3n es su valor a\u00f1adido<\/strong><\/p>\n<p>La misi\u00f3n de Zollcon GmbH se centra en apoyar a las empresas en la aplicaci\u00f3n integral de los requisitos de las leyes de sostenibilidad, como la LkSG, la CBAM y la Ley de Deforestaci\u00f3n, teniendo siempre en cuenta la preservaci\u00f3n de la eficiencia econ\u00f3mica. Tambi\u00e9n queremos mostrarle las oportunidades que se derivan de las medidas impuestas.[\/vc_column_text][\/vc_column][vc_column animation_delay=\u00bb150&#8243; css_animation=\u00bbleft-to-right\u00bb width=\u00bb1\/3&#8243; offset=\u00bbvc_col-lg-6 vc_col-md-6 vc_col-xs-12&#8243; el_class=\u00bbtext767-align-center\u00bb]<div class=\"gap et-clearfix \" style=\"height:120px\"><\/div>[vc_column_text]En el \u00e1mbito de la protecci\u00f3n del medio ambiente, nos gustar\u00eda subrayar que la \u00abneutralidad de CO2&#8243;, a menudo enunciada con audacia, suele basarse en pagos compensatorios o medidas de compensaci\u00f3n. En muchos casos, la aut\u00e9ntica\u00bbneutralidad del carbono\u00bb no existe, ya que muchos emisores s\u00f3lo eval\u00faan sus propias emisiones y no tienen debidamente en cuenta las cadenas de suministro, los fabricantes, los proveedores anteriores y las rutas de transporte, las emisiones \u00abgrises\u00bb. Nuestro planteamiento va m\u00e1s all\u00e1 de estos l\u00edmites e incluye tambi\u00e9n los trayectos de ida y vuelta al trabajo de los empleados. Tambi\u00e9n tenemos en cuenta las huellas de carbono de la producci\u00f3n de los medios de transporte y los recursos\/equipos operativos utilizados.<\/p>\n<p>Con nuestros muchos a\u00f1os de experiencia en comercio internacional, somos conscientes de las complejas interrelaciones dentro de las cadenas de suministro y consideramos que es nuestra responsabilidad ayudar a nuestros clientes a optimizar sus cadenas de suministro.<\/p>\n<p>Adem\u00e1s de la optimizaci\u00f3n econ\u00f3mica y ecol\u00f3gica, prestamos especial atenci\u00f3n al respeto de los derechos humanos. Reconocemos la creciente importancia de esta cuesti\u00f3n y tambi\u00e9n nos comprometemos a proteger los derechos humanos en las decisiones empresariales, independientemente del sector.[\/vc_column_text]<div data-curtain=\"false\" data-preloader=\"false\" data-decoration=\"true\" data-decoration-size=\"large\" data-animation-delay=\"0\" data-parallax=\"false\" data-coordinatex=\"0\" data-coordinatey=\"0\" data-speed=\"1\" class=\"et-custom-image  alignnone overlay-fade curtain-left\"><div class=\"overlay-hover\"><div class=\"image\"><div class=\"image-container\"><img loading=\"lazy\" decoding=\"async\" width=\"960\" height=\"600\" src=\"https:\/\/www.zollcon.de\/wp-content\/uploads\/Zollcon-Nachhaltigkeit-960x600.jpg\" alt=\"\"><\/div><\/div><\/div><\/div><div class=\"gap et-clearfix \" style=\"height:32px\"><\/div><div class=\"gap et-clearfix \" style=\"height:32px\"><\/div>[\/vc_column][\/vc_row][vc_row full_width=\u00bbstretch_row\u00bb css=\u00bb.vc_custom_1692881342546{background-image: url(https:\/\/www.zollcon.de\/wp-content\/uploads\/nature-5025558_1280.jpg?id=15832) !important;}\u00bb][vc_column width=\u00bb1\/2&#8243;]<div class=\"gap et-clearfix \" style=\"height:16px\"><\/div>[\/vc_column][vc_column width=\u00bb1\/2&#8243;]<div class=\"gap et-clearfix \" style=\"height:16px\"><\/div>[\/vc_column][\/vc_row][vc_row gap=\u00bb40&#8243; content_placement=\u00bbmiddle\u00bb css=\u00bb.vc_custom_1681973037172{padding-top: 56px !important;padding-bottom: 48px !important;}\u00bb][vc_column animation_delay=\u00bb150&#8243; css_animation=\u00bbleft-to-right\u00bb offset=\u00bbvc_col-lg-6 vc_col-md-6 vc_col-xs-12&#8243; el_class=\u00bbtext767-align-center\u00bb]<div data-curtain=\"false\" data-preloader=\"false\" data-decoration=\"true\" data-decoration-size=\"large\" data-animation-delay=\"0\" data-parallax=\"false\" data-coordinatex=\"0\" data-coordinatey=\"0\" data-speed=\"1\" class=\"et-custom-image  alignnone overlay-fade curtain-left\"><div class=\"overlay-hover\"><div class=\"image\"><div class=\"image-container\"><img loading=\"lazy\" decoding=\"async\" width=\"960\" height=\"600\" src=\"https:\/\/www.zollcon.de\/wp-content\/uploads\/revslider\/Zollcon\/Novasem_Zollcon_Furth_Gebaude-3-scaled-960x600.jpg\" alt=\"\"><\/div><\/div><\/div><\/div><div class=\"gap et-clearfix \" style=\"height:32px\"><\/div><div class=\"gap et-clearfix \" style=\"height:32px\"><\/div>[\/vc_column][vc_column animation_delay=\u00bb0&#8243; offset=\u00bbvc_col-lg-6 vc_col-md-6 vc_col-xs-12&#8243; css=\u00bb.vc_custom_1692881070372{margin-left: 40px !important;}\u00bb]<h6 class=\"et-highlight-title \" style=\"font-size:12px;font-weight:700;line-height:24px;letter-spacing:0.5px;color:#9a9a9a;\" data-mobile-font=\"inherit\" data-tablet-font=\"inherit\"><span class=\"title-inner\">M\u00e1xima eficiencia energ\u00e9tica<span class=\"highlight-line\" style=\"background-color:#00ced1;\"><\/span><\/span><\/h6><h3 id=\"et-animated-title-2\" class=\"et-animated-title et-clearfix  words-direct\" data-mobile-font=\"16px\" data-tablet-font=\"inherit\" data-delay=\"100\" style=\"font-size:42px;font-weight:700;line-height:50px;color:#212121;\"><span class=\"text-wrapper\"><span class=\"text\">Nuestras propias medidas<\/span><\/span><\/h3><div class=\"gap et-clearfix \" style=\"height:24px\"><\/div>[vc_column_text]Aunque los retos ecol\u00f3gicos para nosotros como proveedores de servicios son ciertamente limitados, tambi\u00e9n queremos aportar nuestro granito de arena a un mundo sostenible. En 2019, nos trasladamos a un nuevo edificio de madera con la mayor eficiencia energ\u00e9tica posible. Nuestras bombas de calor, sistemas de aire acondicionado y estaciones de carga de veh\u00edculos funcionan totalmente con nuestro sistema fotovoltaico. Los empleados tienen la opci\u00f3n de utilizar un ticket de trabajo, una pedelec o un e-veh\u00edculo para ir y volver del trabajo. Esto subraya nuestra aspiraci\u00f3n no s\u00f3lo de crear soluciones sostenibles para nuestros clientes, sino tambi\u00e9n de esforzarnos por alcanzar internamente la mayor eficiencia energ\u00e9tica posible y promover soluciones de movilidad alternativas.[\/vc_column_text][\/vc_column][\/vc_row]<\/p>\n<\/section>","protected":false},"excerpt":{"rendered":"<p>[vc_row gap=\u00bb40&#8243; content_placement=\u00bbmiddle\u00bb css=\u00bb.vc_custom_1681973037172{padding-top: 56px !important;padding-bottom: 48px !important;}\u00bb][vc_column animation_delay=\u00bb0&#8243; width=\u00bb2\/3&#8243; offset=\u00bbvc_col-lg-6 vc_col-md-6 vc_col-xs-12&#8243;][vc_column_text]. Casi ning\u00fan otro t\u00e9rmino ha ocupado tanto a la sociedad en los \u00faltimos a\u00f1os como el de sostenibilidad. La sostenibilidad no es en absoluto una palabra de moda del siglo XXI, sino un par\u00e1metro b\u00e1sico del \u00e9xito de la gesti\u00f3n empresarial en [&hellip;]<\/p>\n","protected":false},"author":1,"featured_media":0,"parent":0,"menu_order":0,"comment_status":"closed","ping_status":"closed","template":"page-vc.php","meta":{"footnotes":""},"class_list":["post-17227","page","type-page","status-publish","hentry"],"_links":{"self":[{"href":"https:\/\/www.zollcon.de\/es\/wp-json\/wp\/v2\/pages\/17227","targetHints":{"allow":["GET"]}}],"collection":[{"href":"https:\/\/www.zollcon.de\/es\/wp-json\/wp\/v2\/pages"}],"about":[{"href":"https:\/\/www.zollcon.de\/es\/wp-json\/wp\/v2\/types\/page"}],"author":[{"embeddable":true,"href":"https:\/\/www.zollcon.de\/es\/wp-json\/wp\/v2\/users\/1"}],"replies":[{"embeddable":true,"href":"https:\/\/www.zollcon.de\/es\/wp-json\/wp\/v2\/comments?post=17227"}],"version-history":[{"count":28,"href":"https:\/\/www.zollcon.de\/es\/wp-json\/wp\/v2\/pages\/17227\/revisions"}],"predecessor-version":[{"id":17794,"href":"https:\/\/www.zollcon.de\/es\/wp-json\/wp\/v2\/pages\/17227\/revisions\/17794"}],"wp:attachment":[{"href":"https:\/\/www.zollcon.de\/es\/wp-json\/wp\/v2\/media?parent=17227"}],"curies":[{"name":"wp","href":"https:\/\/api.w.org\/{rel}","templated":true}]}}