{"id":17237,"date":"2023-08-24T16:18:16","date_gmt":"2023-08-24T14:18:16","guid":{"rendered":"https:\/\/www.zollcon.de\/declaraciones-de-aduana\/"},"modified":"2025-01-16T10:09:18","modified_gmt":"2025-01-16T09:09:18","slug":"declaraciones-de-aduana","status":"publish","type":"page","link":"https:\/\/www.zollcon.de\/es\/declaraciones-de-aduana\/","title":{"rendered":"Declaraciones de aduana"},"content":{"rendered":"<section class=\"wpb-content-wrapper\"><p>[vc_row gap=\u00bb40&#8243; content_placement=\u00bbmiddle\u00bb css=\u00bb.vc_custom_1681973037172{padding-top: 56px !important;padding-bottom: 48px !important;}\u00bb][vc_column animation_delay=\u00bb0&#8243; offset=\u00bbvc_col-lg-6 vc_col-md-6 vc_col-xs-12&#8243;]<h6 class=\"et-highlight-title \" style=\"font-size:12px;font-weight:700;line-height:24px;letter-spacing:0.5px;color:#9a9a9a;\" data-mobile-font=\"inherit\" data-tablet-font=\"inherit\"><span class=\"title-inner\">M\u00e1xima calidad<span class=\"highlight-line\" style=\"background-color:#00ced1;\"><\/span><\/span><\/h6><h3 id=\"et-animated-title-1\" class=\"et-animated-title et-clearfix  words-direct\" data-mobile-font=\"16px\" data-tablet-font=\"inherit\" data-delay=\"100\" style=\"font-size:42px;font-weight:700;line-height:50px;color:#212121;\"><span class=\"text-wrapper\"><span class=\"text\">Declaraciones de importaci\u00f3n y exportaci\u00f3n<\/span><\/span><\/h3><div class=\"gap et-clearfix \" style=\"height:24px\"><\/div>[vc_column_text]Adem\u00e1s de gestionar de forma permanente las declaraciones de importaci\u00f3n y exportaci\u00f3n de sus mercanc\u00edas, ofrecemos servicios provisionales en caso de vacaciones o enfermedad. Trabajamos en nuestros sistemas o en los suyos, tanto in situ como mediante acceso remoto.<\/p>\n<p>Gracias a los programas de capacitaci\u00f3n cont\u00ednua y al intercambio continuo entre el despacho de aduanas y el asesoramiento aduanero de nuestro equipo, garantizamos que sus declaraciones cumplen los requisitos legales, evitando preocupaciones por futuras auditor\u00edas. Tambi\u00e9n nos encargamos de solicitar sus declaraciones de proveedor y presentar sus declaraciones Intrastat.[\/vc_column_text][\/vc_column][vc_column animation_delay=\u00bb150&#8243; css_animation=\u00bbleft-to-right\u00bb offset=\u00bbvc_col-lg-6 vc_col-md-6 vc_col-xs-12&#8243; el_class=\u00bbtext767-align-center\u00bb]<div data-curtain=\"false\" data-preloader=\"false\" data-decoration=\"true\" data-decoration-size=\"large\" data-animation-delay=\"0\" data-parallax=\"false\" data-coordinatex=\"0\" data-coordinatey=\"0\" data-speed=\"1\" class=\"et-custom-image  alignnone overlay-fade curtain-left\"><div class=\"overlay-hover\"><div class=\"image\"><div class=\"image-container\"><img loading=\"lazy\" decoding=\"async\" width=\"1024\" height=\"1024\" src=\"https:\/\/www.zollcon.de\/wp-content\/uploads\/Novasem-16.png\" alt=\"\"><\/div><\/div><\/div><\/div><div class=\"gap et-clearfix \" style=\"height:32px\"><\/div><div class=\"gap et-clearfix \" style=\"height:32px\"><\/div>[\/vc_column][\/vc_row][vc_row css=\u00bb.vc_custom_1737018312115{background-color: #ffffff !important;}\u00bb][vc_column width=\u00bb1\/2&#8243;]<ul class=\"et-list-icon  small\"><li ><div class=\"icon-wrap\"><div class=\"icon small\" style=\"\"><span class=\"small fa fa-circle\"><\/span><\/div><\/div><div>Perfeccionamiento activo y pasivo<\/div><\/li><li ><div class=\"icon-wrap\"><div class=\"icon small\" style=\"\"><span class=\"small fa fa-circle\"><\/span><\/div><\/div><div>Solicitud, comprobaci\u00f3n y emisi\u00f3n de declaraciones de proveedores<\/div><\/li><li ><div class=\"icon-wrap\"><div class=\"icon small\" style=\"\"><span class=\"small fa fa-circle\"><\/span><\/div><\/div><div>Solicitud de percepci\u00f3n a posteriori y de devoluci\u00f3n o condonaci\u00f3n de los derechos de importaci\u00f3n<\/div><\/li><li ><div class=\"icon-wrap\"><div class=\"icon small\" style=\"\"><span class=\"small fa fa-circle\"><\/span><\/div><\/div><div>Declaraciones de exportaci\u00f3n<\/div><\/li><li ><div class=\"icon-wrap\"><div class=\"icon small\" style=\"\"><span class=\"small fa fa-circle\"><\/span><\/div><\/div><div>Reg\u00edmenes especiales<\/div><\/li><li ><div class=\"icon-wrap\"><div class=\"icon small\" style=\"\"><span class=\"small fa fa-circle\"><\/span><\/div><\/div><div>Declaraciones de importaci\u00f3n<\/div><\/li><li ><div class=\"icon-wrap\"><div class=\"icon small\" style=\"\"><span class=\"small fa fa-circle\"><\/span><\/div><\/div><div>Control de embargos de personas<\/div><\/li><li ><div class=\"icon-wrap\"><div class=\"icon small\" style=\"\"><span class=\"small fa fa-circle\"><\/span><\/div><\/div><div>Importaci\u00f3n y exportaci\u00f3n temporal<\/div><\/li><\/ul>[\/vc_column][vc_column width=\u00bb1\/2&#8243;]<ul class=\"et-list-icon  small\"><li ><div class=\"icon-wrap\"><div class=\"icon small\" style=\"\"><span class=\"small fa fa-circle\"><\/span><\/div><\/div><div>C\u00e1lculo preferencial<\/div><\/li><li ><div class=\"icon-wrap\"><div class=\"icon small\" style=\"\"><span class=\"small fa fa-circle\"><\/span><\/div><\/div><div>Examen de declaraciones de importaci\u00f3n<\/div><\/li><li ><div class=\"icon-wrap\"><div class=\"icon small\" style=\"\"><span class=\"small fa fa-circle\"><\/span><\/div><\/div><div>Comprobaci\u00f3n y actualizaci\u00f3n de los datos maestros de comercio exterior<\/div><\/li><li ><div class=\"icon-wrap\"><div class=\"icon small\" style=\"\"><span class=\"small fa fa-circle\"><\/span><\/div><\/div><div>Comprobaci\u00f3n de la idoneidad de las mercanc\u00edas para la importaci\u00f3n o exportaci\u00f3n (embargos de pa\u00edses, mercancia de doble uso, armamento)<\/div><\/li><li ><div class=\"icon-wrap\"><div class=\"icon small\" style=\"\"><span class=\"small fa fa-circle\"><\/span><\/div><\/div><div>Importaci\u00f3n y exportaci\u00f3n de mercancias reparadas<\/div><\/li><li ><div class=\"icon-wrap\"><div class=\"icon small\" style=\"\"><span class=\"small fa fa-circle\"><\/span><\/div><\/div><div>Seguimiento de procedimientos aduaneros simplificados<\/div><\/li><li ><div class=\"icon-wrap\"><div class=\"icon small\" style=\"\"><span class=\"small fa fa-circle\"><\/span><\/div><\/div><div>Proceso de transformaci\u00f3n<\/div><\/li><\/ul>[\/vc_column][\/vc_row][vc_row gap=\u00bb0&#8243; css=\u00bb.vc_custom_1737018247623{background-image: url(https:\/\/www.zollcon.de\/wp-content\/uploads\/globus-novasem-grau.jpg?id=17186) !important;}\u00bb][vc_column]<div class=\"et-tagline-wrapper\"><style>#et-tagline-1 {background-color:rgba(255,255,255,0.01);}#et-tagline-1 .tagline-title{color:#212121;}#et-tagline-1 .tagline-button{color:#ffffff;background-color:#00ced1;}#et-tagline-1 .tagline-button:hover{background-color:#212121;color:#ffffff;}#et-tagline-1 .tagline-icon{}<\/style><div id=\"et-tagline-1\" class=\"et-tagline\"><div class=\"tagline-container\"><h3 class=\"tagline-title\">\u00bfNecesita nuestra ayuda?<\/h3><div class=\"tagline-button-wrapper\"><a href=\"https:\/\/www.zollcon.de\/es\/contacto\/\" class=\"tagline-button et-button large\">Cont\u00e1ctenos ahora<\/a><\/div><\/div><\/div><\/div>[\/vc_column][\/vc_row]<\/p>\n<\/section>","protected":false},"excerpt":{"rendered":"<p>[vc_row gap=\u00bb40&#8243; content_placement=\u00bbmiddle\u00bb css=\u00bb.vc_custom_1681973037172{padding-top: 56px !important;padding-bottom: 48px !important;}\u00bb][vc_column animation_delay=\u00bb0&#8243; offset=\u00bbvc_col-lg-6 vc_col-md-6 vc_col-xs-12&#8243;][vc_column_text]Adem\u00e1s de gestionar de forma permanente las declaraciones de importaci\u00f3n y exportaci\u00f3n de sus mercanc\u00edas, ofrecemos servicios provisionales en caso de vacaciones o enfermedad. Trabajamos en nuestros sistemas o en los suyos, tanto in situ como mediante acceso remoto. Gracias a los programas de [&hellip;]<\/p>\n","protected":false},"author":1,"featured_media":0,"parent":0,"menu_order":0,"comment_status":"closed","ping_status":"closed","template":"page-vc.php","meta":{"footnotes":""},"class_list":["post-17237","page","type-page","status-publish","hentry"],"_links":{"self":[{"href":"https:\/\/www.zollcon.de\/es\/wp-json\/wp\/v2\/pages\/17237","targetHints":{"allow":["GET"]}}],"collection":[{"href":"https:\/\/www.zollcon.de\/es\/wp-json\/wp\/v2\/pages"}],"about":[{"href":"https:\/\/www.zollcon.de\/es\/wp-json\/wp\/v2\/types\/page"}],"author":[{"embeddable":true,"href":"https:\/\/www.zollcon.de\/es\/wp-json\/wp\/v2\/users\/1"}],"replies":[{"embeddable":true,"href":"https:\/\/www.zollcon.de\/es\/wp-json\/wp\/v2\/comments?post=17237"}],"version-history":[{"count":10,"href":"https:\/\/www.zollcon.de\/es\/wp-json\/wp\/v2\/pages\/17237\/revisions"}],"predecessor-version":[{"id":17790,"href":"https:\/\/www.zollcon.de\/es\/wp-json\/wp\/v2\/pages\/17237\/revisions\/17790"}],"wp:attachment":[{"href":"https:\/\/www.zollcon.de\/es\/wp-json\/wp\/v2\/media?parent=17237"}],"curies":[{"name":"wp","href":"https:\/\/api.w.org\/{rel}","templated":true}]}}