{"id":17240,"date":"2023-08-24T16:28:07","date_gmt":"2023-08-24T14:28:07","guid":{"rendered":"https:\/\/www.zollcon.de\/soluciones-informaticas\/"},"modified":"2025-01-16T09:49:27","modified_gmt":"2025-01-16T08:49:27","slug":"soluciones-informaticas","status":"publish","type":"page","link":"https:\/\/www.zollcon.de\/es\/soluciones-informaticas\/","title":{"rendered":"Soluciones inform\u00e1ticas"},"content":{"rendered":"<section class=\"wpb-content-wrapper\"><p>[vc_row gap=\u00bb40&#8243; content_placement=\u00bbmiddle\u00bb css=\u00bb.vc_custom_1681973037172{padding-top: 56px !important;padding-bottom: 48px !important;}\u00bb][vc_column animation_delay=\u00bb0&#8243; offset=\u00bbvc_col-lg-6 vc_col-md-6 vc_col-xs-12&#8243;]<h6 class=\"et-highlight-title \" style=\"font-size:12px;font-weight:700;line-height:24px;letter-spacing:0.5px;color:#9a9a9a;\" data-mobile-font=\"inherit\" data-tablet-font=\"inherit\"><span class=\"title-inner\">Desde 2001<span class=\"highlight-line\" style=\"background-color:#00ced1;\"><\/span><\/span><\/h6><h3 id=\"et-animated-title-1\" class=\"et-animated-title et-clearfix  words-direct\" data-mobile-font=\"16px\" data-tablet-font=\"inherit\" data-delay=\"100\" style=\"font-size:42px;font-weight:700;line-height:50px;color:#212121;\"><span class=\"text-wrapper\"><span class=\"text\">Soluciones inform\u00e1ticas GTC<\/span><\/span><\/h3><div class=\"gap et-clearfix \" style=\"height:24px\"><\/div>[vc_column_text]En el a\u00f1o 2001, lanzamos al mercado la primera solicitud de declaraciones de origen a largo plazo completamente digitalizada. Desde entonces, hemos desarrollamos m\u00e1s aplicaciones para el comercio exterior. Nuestros productos cumplen al 100% con las legislaciones vigentes y a la vez son f\u00e1ciles de usar. Nuestros desarrolladores se benefician del apoyo directo de nuestro equipo de consultor\u00eda aduanera y despacho de aduanas. Adem\u00e1s de la calidad de nuestros productos, nos destacamos de otros proveedores por:[\/vc_column_text][\/vc_column][vc_column animation_delay=\u00bb150&#8243; css_animation=\u00bbleft-to-right\u00bb offset=\u00bbvc_col-lg-6 vc_col-md-6 vc_col-xs-12&#8243; el_class=\u00bbtext767-align-center\u00bb]<div data-curtain=\"false\" data-preloader=\"false\" data-decoration=\"true\" data-decoration-size=\"large\" data-animation-delay=\"0\" data-parallax=\"false\" data-coordinatex=\"0\" data-coordinatey=\"0\" data-speed=\"1\" class=\"et-custom-image  alignnone overlay-fade curtain-left\"><div class=\"overlay-hover\"><div class=\"image\"><div class=\"image-container\"><img loading=\"lazy\" decoding=\"async\" width=\"960\" height=\"600\" src=\"https:\/\/www.zollcon.de\/wp-content\/uploads\/Softwareloesungen-Zoll-960x600.png\" alt=\"\"><\/div><\/div><\/div><\/div><div class=\"gap et-clearfix \" style=\"height:32px\"><\/div><div class=\"gap et-clearfix \" style=\"height:32px\"><\/div>[\/vc_column][\/vc_row][vc_row css=\u00bb.vc_custom_1692888706299{background-color: #f4f4f4 !important;}\u00bb][vc_column width=\u00bb1\/2&#8243;]<ul class=\"et-list-icon  small\"><li ><div class=\"icon-wrap\"><div class=\"icon small\" style=\"\"><span class=\"small fa fa-circle\"><\/span><\/div><\/div><div>Todos los m\u00f3dulos pueden manejarse mediante el \u00abprincipio Single-Click\u00bb<\/div><\/li><li ><div class=\"icon-wrap\"><div class=\"icon small\" style=\"\"><span class=\"small fa fa-circle\"><\/span><\/div><\/div><div>Todos los m\u00f3dulos pueden integrarse mediante interfaces (interfaz variable)<\/div><\/li><li ><div class=\"icon-wrap\"><div class=\"icon small\" style=\"\"><span class=\"small fa fa-circle\"><\/span><\/div><\/div><div>Todas las aplicaciones utilizadas pueden funcionar de forma provisional<\/div><\/li><li ><div class=\"icon-wrap\"><div class=\"icon small\" style=\"\"><span class=\"small fa fa-circle\"><\/span><\/div><\/div><div>Nuestro servicio de asistencia al usuario est\u00e1 formado por empleados del despacho de aduanas y consultores aduaneros<\/div><\/li><\/ul>[\/vc_column][vc_column width=\u00bb1\/2&#8243;]<ul class=\"et-list-icon  small\"><li ><div class=\"icon-wrap\"><div class=\"icon small\" style=\"\"><span class=\"small fa fa-circle\"><\/span><\/div><\/div><div>Presentamos los antecedentes jur\u00eddicos en su totalidad<\/div><\/li><li ><div class=\"icon-wrap\"><div class=\"icon small\" style=\"\"><span class=\"small fa fa-circle\"><\/span><\/div><\/div><div>Ofrecemos formaci\u00f3n de usuarios con los requisitos legales para las aplicaciones<\/div><\/li><li ><div class=\"icon-wrap\"><div class=\"icon small\" style=\"\"><span class=\"small fa fa-circle\"><\/span><\/div><\/div><div>Respondemos no s\u00f3lo a preguntas espec\u00edficas del software, sino tambi\u00e9n sobre el contenido<\/div><\/li><li ><div class=\"icon-wrap\"><div class=\"icon small\" style=\"\"><span class=\"small fa fa-circle\"><\/span><\/div><\/div><div>Evitamos el tedioso manejo de PDFs activos<\/div><\/li><\/ul>[\/vc_column][\/vc_row][vc_row][vc_column]<h6 class=\"et-highlight-title \" style=\"font-size:12px;font-weight:700;line-height:24px;letter-spacing:0.5px;color:#9a9a9a;\" data-mobile-font=\"inherit\" data-tablet-font=\"inherit\"><span class=\"title-inner\">Nuestras soluciones inform\u00e1ticas<span class=\"highlight-line\" style=\"background-color:#00ced1;\"><\/span><\/span><\/h6><h3 id=\"et-animated-title-2\" class=\"et-animated-title et-clearfix  words-direct\" data-mobile-font=\"16px\" data-tablet-font=\"inherit\" data-delay=\"100\" style=\"font-size:42px;font-weight:700;line-height:50px;color:#212121;\"><span class=\"text-wrapper\"><span class=\"text\">En detalle<\/span><\/span><\/h3>[\/vc_column][\/vc_row][vc_row][vc_column width=\u00bb1\/2&#8243;][vc_column_text]El <strong>portal Terror Profiler<\/strong> apoya el control de las personas que figuran en las listas de sanciones (listas de embargo personal) de la Uni\u00f3n Europea, la ONU, EE.UU., etc., como los sospechosos de terrorismo y otras personas que figuran en lista como parte de un embargo financiero o por otras razones. El control se lleva a cabo para protegerse de los delitos contemplados en los art\u00edculos 17 y 18 de la Ley de Comercio Exterior y Pagos (Au\u00dfenwirtschaftsgesetzes). Para obtener m\u00e1s informaci\u00f3n, visite: <a href=\"http:\/\/www.ausfuhrkontrolle.info\" target=\"_blank\" rel=\"noopener\">http:\/\/www.ausfuhrkontrolle.info<\/a><\/p>\n<p>El <strong>portal del Certificado de Entrada<\/strong> le ofrece la posibilidad de solicitar su certificado de entrada a los destinatarios dentro de la Uni\u00f3n Europea en varios idiomas y de forma autom\u00e1tica, as\u00ed como de proporcionar a las autoridades fiscales una prueba de recepci\u00f3n conforme a la ley. Las solicitudes, la administraci\u00f3n y el archivo son completamente digitales.<\/p>\n<p>El <strong>portal ATLAS\/AES<\/strong> ofrece conexiones para aplicaciones de exportaci\u00f3n e importaci\u00f3n para empresas de todos los tama\u00f1os. Apto para todos los perfiles en exportaci\u00f3n o importaci\u00f3n ATLAS EINFUHR\/NCTS Prepaid, desde la versi\u00f3n prepago (sin BIN propio) hasta la soluci\u00f3n interna.[\/vc_column_text][\/vc_column][vc_column width=\u00bb1\/2&#8243;][vc_column_text]<\/p>\n<p>El <strong>portal de declaraciones de proveedores<\/strong> le permite realizar solicitudes de declaraciones de proveedores totalmente automatizadas y sin papel. Por lo tanto, ya no es posible que los proveedores presenten y emitan declaraciones de proveedor formal o legalmente inv\u00e1lidas. La tramitaci\u00f3n y la administraci\u00f3n se realizan sin papel. Los datos notificados pueden volver a cargarse en el sistema ERP de la empresa en cualquier momento para su posterior procesamiento y tambi\u00e9n pueden resumirse antes de volver a cargarse seg\u00fan el principio de deterioro.<\/p>\n<p>El <strong>portal Intrastat<\/strong> es una aplicaci\u00f3n completa en l\u00ednea entre el cliente y la Oficina Federal de Estad\u00edstica. Adem\u00e1s de los informes, tambi\u00e9n se realizan correcciones en l\u00ednea con partidas individuales. Se pueden realizar an\u00e1lisis sobre las cantidades declaradas, los clientes, los costes y los impuestos. Esto significa que el portal Intrastat tambi\u00e9n ofrece todos los an\u00e1lisis necesarios para los proveedores de servicios.[\/vc_column_text][\/vc_column][\/vc_row][vc_row gap=\u00bb0&#8243; css=\u00bb.vc_custom_1737017315645{background-image: url(https:\/\/www.zollcon.de\/wp-content\/uploads\/globus-novasem-grau.jpg?id=17186) !important;}\u00bb][vc_column]<div class=\"et-tagline-wrapper\"><style>#et-tagline-1 {background-color:rgba(255,255,255,0.01);}#et-tagline-1 .tagline-title{color:#212121;}#et-tagline-1 .tagline-button{color:#ffffff;background-color:#00ced1;}#et-tagline-1 .tagline-button:hover{background-color:#212121;color:#ffffff;}#et-tagline-1 .tagline-icon{}<\/style><div id=\"et-tagline-1\" class=\"et-tagline\"><div class=\"tagline-container\"><h3 class=\"tagline-title\">\u00bfNecesita ayuda?<\/h3><div class=\"tagline-button-wrapper\"><a href=\"https:\/\/www.zollcon.de\/es\/contacto\/\" class=\"tagline-button et-button large\">Cont\u00e1ctenos<\/a><\/div><\/div><\/div><\/div>[\/vc_column][\/vc_row]<\/p>\n<\/section>","protected":false},"excerpt":{"rendered":"<p>[vc_row gap=\u00bb40&#8243; content_placement=\u00bbmiddle\u00bb css=\u00bb.vc_custom_1681973037172{padding-top: 56px !important;padding-bottom: 48px !important;}\u00bb][vc_column animation_delay=\u00bb0&#8243; offset=\u00bbvc_col-lg-6 vc_col-md-6 vc_col-xs-12&#8243;][vc_column_text]En el a\u00f1o 2001, lanzamos al mercado la primera solicitud de declaraciones de origen a largo plazo completamente digitalizada. Desde entonces, hemos desarrollamos m\u00e1s aplicaciones para el comercio exterior. Nuestros productos cumplen al 100% con las legislaciones vigentes y a la vez son f\u00e1ciles [&hellip;]<\/p>\n","protected":false},"author":1,"featured_media":0,"parent":0,"menu_order":0,"comment_status":"closed","ping_status":"closed","template":"page-vc.php","meta":{"footnotes":""},"class_list":["post-17240","page","type-page","status-publish","hentry"],"_links":{"self":[{"href":"https:\/\/www.zollcon.de\/es\/wp-json\/wp\/v2\/pages\/17240","targetHints":{"allow":["GET"]}}],"collection":[{"href":"https:\/\/www.zollcon.de\/es\/wp-json\/wp\/v2\/pages"}],"about":[{"href":"https:\/\/www.zollcon.de\/es\/wp-json\/wp\/v2\/types\/page"}],"author":[{"embeddable":true,"href":"https:\/\/www.zollcon.de\/es\/wp-json\/wp\/v2\/users\/1"}],"replies":[{"embeddable":true,"href":"https:\/\/www.zollcon.de\/es\/wp-json\/wp\/v2\/comments?post=17240"}],"version-history":[{"count":19,"href":"https:\/\/www.zollcon.de\/es\/wp-json\/wp\/v2\/pages\/17240\/revisions"}],"predecessor-version":[{"id":17784,"href":"https:\/\/www.zollcon.de\/es\/wp-json\/wp\/v2\/pages\/17240\/revisions\/17784"}],"wp:attachment":[{"href":"https:\/\/www.zollcon.de\/es\/wp-json\/wp\/v2\/media?parent=17240"}],"curies":[{"name":"wp","href":"https:\/\/api.w.org\/{rel}","templated":true}]}}